{"id":1746,"date":"2020-01-19T00:03:56","date_gmt":"2020-01-18T22:03:56","guid":{"rendered":"https:\/\/outscraper.com\/?page_id=1746"},"modified":"2021-05-16T12:12:09","modified_gmt":"2021-05-16T09:12:09","slug":"gi%cc%87zli%cc%87li%cc%87k-poli%cc%87ti%cc%87kasi-2","status":"publish","type":"page","link":"https:\/\/outscraper.com\/tr\/privacy-policy\/","title":{"rendered":"Gizlilik Politikas\u0131"},"content":{"rendered":"<div data-elementor-type=\"wp-page\" data-elementor-id=\"1746\" class=\"elementor elementor-1746\" data-elementor-post-type=\"page\">\n\t\t\t\t\t\t<section data-particle_enable=\"false\" data-particle-mobile-disabled=\"false\" class=\"elementor-section elementor-top-section elementor-element elementor-element-5613794a elementor-section-boxed elementor-section-height-default elementor-section-height-default\" data-id=\"5613794a\" data-element_type=\"section\" data-e-type=\"section\">\n\t\t\t\t\t\t<div class=\"elementor-container elementor-column-gap-default\">\n\t\t\t\t\t<div class=\"elementor-column elementor-col-100 elementor-top-column elementor-element elementor-element-4d6e08a7\" data-id=\"4d6e08a7\" data-element_type=\"column\" data-e-type=\"column\">\n\t\t\t<div class=\"elementor-widget-wrap elementor-element-populated\">\n\t\t\t\t\t\t<div class=\"elementor-element elementor-element-2f5ff54 elementor-widget elementor-widget-template\" data-id=\"2f5ff54\" data-element_type=\"widget\" data-e-type=\"widget\" data-widget_type=\"template.default\">\n\t\t\t\t<div class=\"elementor-widget-container\">\n\t\t\t\t\t\t\t<div class=\"elementor-template\">\n\t\t\t\t\t<div data-elementor-type=\"section\" data-elementor-id=\"5474\" class=\"elementor elementor-5474\" data-elementor-post-type=\"elementor_library\">\n\t\t\t\t\t<section data-particle_enable=\"false\" data-particle-mobile-disabled=\"false\" class=\"elementor-section elementor-top-section elementor-element elementor-element-2956817 elementor-section-boxed elementor-section-height-default elementor-section-height-default\" data-id=\"2956817\" data-element_type=\"section\" data-e-type=\"section\">\n\t\t\t\t\t\t<div class=\"elementor-container elementor-column-gap-default\">\n\t\t\t\t\t<div class=\"elementor-column elementor-col-100 elementor-top-column elementor-element elementor-element-9c4ea43\" data-id=\"9c4ea43\" data-element_type=\"column\" data-e-type=\"column\">\n\t\t\t<div class=\"elementor-widget-wrap elementor-element-populated\">\n\t\t\t\t\t\t\t<\/div>\n\t\t<\/div>\n\t\t\t\t\t<\/div>\n\t\t<\/section>\n\t\t\t\t<\/div>\n\t\t\t\t<\/div>\n\t\t\t\t\t\t<\/div>\n\t\t\t\t<\/div>\n\t\t\t\t<div class=\"elementor-element elementor-element-0673b6f elementor-widget elementor-widget-html\" data-id=\"0673b6f\" data-element_type=\"widget\" data-e-type=\"widget\" data-widget_type=\"html.default\">\n\t\t\t\t<div class=\"elementor-widget-container\">\n\t\t\t\t\t<h1 align=\"center\">Gizlilik Politikas\u0131<\/h1>\t\t\t\t<\/div>\n\t\t\t\t<\/div>\n\t\t\t\t<div class=\"elementor-element elementor-element-aa1aa84 elementor-widget elementor-widget-text-editor\" data-id=\"aa1aa84\" data-element_type=\"widget\" data-e-type=\"widget\" data-widget_type=\"text-editor.default\">\n\t\t\t\t<div class=\"elementor-widget-container\">\n\t\t\t\t\t\t\t\t\t<p>G\u0130ZL\u0130L\u0130K POL\u0130T\u0130KASI<\/p>\n<p>B\u00d6L\u00dcM 1 \u2013 B\u0130LG\u0130LER\u0130N\u0130ZLE NE YAPIYORUZ?<\/p>\n<p>Web sitemizden bir \u015fey sat\u0131n ald\u0131\u011f\u0131n\u0131zda, sat\u0131n alma ve sat\u0131\u015f s\u00fcrecinin bir par\u00e7as\u0131 olarak, ad\u0131n\u0131z, adresiniz ve e-posta adresiniz gibi bize verdi\u011finiz ki\u015fisel bilgileri topluyoruz.<br \/>Web sitemize g\u00f6z att\u0131\u011f\u0131n\u0131zda, taray\u0131c\u0131n\u0131z ve i\u015fletim sisteminiz hakk\u0131nda bilgi edinmemize yard\u0131mc\u0131 olacak bilgileri bize sa\u011flamak i\u00e7in bilgisayar\u0131n\u0131z\u0131n internet protokol (IP) adresini de otomatik olarak al\u0131r\u0131z.<br \/>E-posta pazarlamas\u0131 (varsa): \u0130zninizle size web sitemiz, yeni \u00fcr\u00fcnlerimiz ve di\u011fer g\u00fcncellemeler hakk\u0131nda e-postalar g\u00f6nderebiliriz.<\/p>\n<p>B\u00d6L\u00dcM 2 \u2013 ONAY<\/p>\n<p>Benim onay\u0131m\u0131 nas\u0131l al\u0131rs\u0131n\u0131z?<br \/>Bir i\u015flemi tamamlamak, kredi kart\u0131n\u0131z\u0131 do\u011frulamak, sipari\u015f vermek, teslimat d\u00fczenlemek veya bir sat\u0131n alma i\u015flemini iade etmek i\u00e7in bize ki\u015fisel bilgilerinizi verdi\u011finizde, bu bilgileri toplamam\u0131za ve yaln\u0131zca bu nedenle kullanmam\u0131za izin verdi\u011finizi ima ederiz.<br \/>Ki\u015fisel bilgilerinizi pazarlama gibi ikincil bir nedenle istersek, sizden do\u011frudan a\u00e7\u0131k r\u0131zan\u0131z\u0131 isteriz veya size hay\u0131r deme f\u0131rsat\u0131 veririz.<\/p>\n<p>Onay\u0131m\u0131 nas\u0131l geri \u00e7ekerim?<br \/>Kaydolduktan sonra fikrinizi de\u011fi\u015ftirirseniz, herhangi bir zamanda bizimle ileti\u015fime ge\u00e7erek veya \u015fu adrese e-posta g\u00f6ndererek, bilgilerinizi toplamaya, kullanmaya veya if\u015fa etmeye devam etmek i\u00e7in sizinle ileti\u015fim kurmam\u0131za ili\u015fkin onay\u0131n\u0131z\u0131 geri \u00e7ekebilirsiniz: support@outscraper .com<\/p>\n<p>B\u00d6L\u00dcM 3 \u2013 A\u00c7IKLAMA<\/p>\n<p>Kanunen bunu yapmam\u0131z gerekiyorsa veya Hizmet \u015eartlar\u0131m\u0131z\u0131 ihlal ederseniz ki\u015fisel bilgilerinizi if\u015fa edebiliriz.<\/p>\n<p>B\u00d6L\u00dcM 4 \u2013 \u00dc\u00c7\u00dcNC\u00dc \u015eAHIS H\u0130ZMETLER\u0130<\/p>\n<p>Genel olarak, taraf\u0131m\u0131zca kullan\u0131lan \u00fc\u00e7\u00fcnc\u00fc taraf sa\u011flay\u0131c\u0131lar, bilgilerinizi yaln\u0131zca bize sa\u011flad\u0131klar\u0131 hizmetleri yerine getirmelerine izin vermek i\u00e7in gerekli oldu\u011fu \u00f6l\u00e7\u00fcde toplayacak, kullanacak ve if\u015fa edecektir.<br \/>Ancak, \u00f6deme a\u011f ge\u00e7itleri ve di\u011fer \u00f6deme i\u015flemi i\u015flemcileri gibi belirli \u00fc\u00e7\u00fcnc\u00fc taraf hizmet sa\u011flay\u0131c\u0131lar\u0131n, sat\u0131n almayla ilgili i\u015flemleriniz i\u00e7in onlara sa\u011flamam\u0131z gereken bilgilerle ilgili olarak kendi gizlilik politikalar\u0131 vard\u0131r.<br \/>Bu sa\u011flay\u0131c\u0131lar i\u00e7in, ki\u015fisel bilgilerinizin bu sa\u011flay\u0131c\u0131lar taraf\u0131ndan nas\u0131l ele al\u0131naca\u011f\u0131n\u0131 anlayabilmeniz i\u00e7in gizlilik politikalar\u0131n\u0131 okuman\u0131z\u0131 \u00f6neririz.<br \/>\u00d6zellikle, belirli sa\u011flay\u0131c\u0131lar\u0131n sizden veya bizden farkl\u0131 bir yarg\u0131 yetkisi alan\u0131nda bulunan tesislerde bulunabilece\u011fini veya tesislerine sahip olabilece\u011fini unutmay\u0131n. Dolay\u0131s\u0131yla, bir \u00fc\u00e7\u00fcnc\u00fc taraf hizmet sa\u011flay\u0131c\u0131n\u0131n hizmetlerini i\u00e7eren bir i\u015fleme devam etmeyi se\u00e7erseniz, bilgileriniz o hizmet sa\u011flay\u0131c\u0131n\u0131n veya tesislerinin bulundu\u011fu yarg\u0131 b\u00f6lgesinin\/b\u00f6lgelerinin yasalar\u0131na tabi olabilir.<br \/>\u00d6rnek olarak, Kanada&#039;da bulunuyorsan\u0131z ve i\u015fleminiz Amerika Birle\u015fik Devletleri&#039;nde bulunan bir \u00f6deme a\u011f ge\u00e7idi taraf\u0131ndan i\u015fleniyorsa, bu i\u015flemin tamamlanmas\u0131nda kullan\u0131lan ki\u015fisel bilgileriniz Vatanseverlik Yasas\u0131 da dahil olmak \u00fczere Amerika Birle\u015fik Devletleri mevzuat\u0131 uyar\u0131nca if\u015faya tabi olabilir.<br \/>Web sitemizin web sitesinden ayr\u0131ld\u0131\u011f\u0131n\u0131zda veya bir \u00fc\u00e7\u00fcnc\u00fc taraf web sitesine veya uygulamaya y\u00f6nlendirildi\u011finizde, art\u0131k bu Gizlilik Politikas\u0131na veya web sitemizin Hizmet Ko\u015fullar\u0131na tabi olmazs\u0131n\u0131z.<\/p>\n<p>Ba\u011flant\u0131lar<br \/>Web sitemizdeki ba\u011flant\u0131lara t\u0131klad\u0131\u011f\u0131n\u0131zda, sizi sitemizden uzakla\u015ft\u0131rabilirler. Di\u011fer sitelerin gizlilik uygulamalar\u0131ndan sorumlu de\u011filiz ve sizi onlar\u0131n gizlilik bildirimlerini okumaya te\u015fvik ediyoruz.<\/p>\n<p>B\u00d6L\u00dcM 5 \u2013 G\u00dcVENL\u0130K<\/p>\n<p>Ki\u015fisel bilgilerinizi korumak i\u00e7in makul \u00f6nlemler al\u0131yoruz ve uygunsuz bir \u015fekilde kaybolmad\u0131\u011f\u0131ndan, k\u00f6t\u00fcye kullan\u0131lmad\u0131\u011f\u0131ndan, eri\u015filmedi\u011finden, if\u015fa edilmedi\u011finden, de\u011fi\u015ftirilmedi\u011finden veya imha edilmedi\u011finden emin olmak i\u00e7in sekt\u00f6rdeki en iyi uygulamalar\u0131 takip ediyoruz. Bize kredi kart\u0131 bilgilerinizi verirseniz, bilgiler g\u00fcvenli yuva katman\u0131 teknolojisi (SSL) kullan\u0131larak \u015fifrelenir ve bir AES-256 \u015fifrelemesi ile saklan\u0131r. \u0130nternet veya elektronik depolama \u00fczerinden hi\u00e7bir aktar\u0131m y\u00f6ntemi 100% g\u00fcvenli olmasa da, t\u00fcm PCI-DSS gereksinimlerini takip ediyor ve genel kabul g\u00f6rm\u00fc\u015f ek end\u00fcstri standartlar\u0131n\u0131 uyguluyoruz.<\/p>\n<p>B\u00d6L\u00dcM 6 \u2013 \u00c7EREZLER<\/p>\n<p>\u00c7erezleri Analytics ve oturum ama\u00e7lar\u0131 i\u00e7in kullan\u0131yoruz.<\/p>\n<p>B\u00d6L\u00dcM 7 \u2013 RIZAM YA\u015eI<\/p>\n<p>Bu siteyi kullanarak, ikamet etti\u011finiz eyalette en az re\u015fit ya\u015fta oldu\u011funuzu veya ikamet etti\u011finiz eyalette re\u015fit oldu\u011funuzu beyan etmi\u015f ve bakmakla y\u00fck\u00fcml\u00fc oldu\u011funuz re\u015fit olmayan ki\u015filerden herhangi birine izin vermek i\u00e7in bize onay vermi\u015f olursunuz. bu siteyi kullan\u0131n.<\/p>\n<p>B\u00d6L\u00dcM 8 \u2013 BU G\u0130ZL\u0130L\u0130K POL\u0130T\u0130KASININ DE\u011e\u0130\u015e\u0130KL\u0130KLER\u0130<\/p>\n<p>Bu gizlilik politikas\u0131n\u0131 herhangi bir zamanda de\u011fi\u015ftirme hakk\u0131n\u0131 sakl\u0131 tutuyoruz, bu nedenle l\u00fctfen s\u0131k s\u0131k g\u00f6zden ge\u00e7irin. De\u011fi\u015fiklikler ve a\u00e7\u0131klamalar, web sitesinde yay\u0131nland\u0131klar\u0131 anda y\u00fcr\u00fcrl\u00fc\u011fe girecektir. Bu politikada \u00f6nemli de\u011fi\u015fiklikler yaparsak, hangi bilgileri toplad\u0131\u011f\u0131m\u0131z\u0131, bunlar\u0131 nas\u0131l kulland\u0131\u011f\u0131m\u0131z\u0131 ve varsa hangi ko\u015fullar alt\u0131nda kulland\u0131\u011f\u0131m\u0131z\u0131 ve\/veya if\u015fa etti\u011fimizi bilmeniz i\u00e7in g\u00fcncellendi\u011fini burada size bildirece\u011fiz. o. Web sitemizin ba\u015fka bir \u015firketle sat\u0131n al\u0131nmas\u0131 veya birle\u015fmesi durumunda, size \u00fcr\u00fcn satmaya devam edebilmemiz i\u00e7in bilgileriniz yeni sahiplerine aktar\u0131labilir.<\/p>\n<p>SORULAR VE \u0130LET\u0130\u015e\u0130M B\u0130LG\u0130LER\u0130<\/p>\n<p>Sizinle ilgili sahip oldu\u011fumuz herhangi bir ki\u015fisel bilgiye eri\u015fmek, d\u00fczeltmek, de\u011fi\u015ftirmek veya silmek, bir \u015fikayette bulunmak veya daha fazla bilgi edinmek isterseniz, e-posta yoluyla bizimle ileti\u015fime ge\u00e7in: support@outscraper.com<\/p>\t\t\t\t\t\t\t\t<\/div>\n\t\t\t\t<\/div>\n\t\t\t\t<div class=\"elementor-element elementor-element-fbdd5c2 elementor-widget elementor-widget-spacer\" data-id=\"fbdd5c2\" data-element_type=\"widget\" data-e-type=\"widget\" data-widget_type=\"spacer.default\">\n\t\t\t\t<div class=\"elementor-widget-container\">\n\t\t\t\t\t\t\t<div class=\"elementor-spacer\">\n\t\t\t<div class=\"elementor-spacer-inner\"><\/div>\n\t\t<\/div>\n\t\t\t\t\t\t<\/div>\n\t\t\t\t<\/div>\n\t\t\t\t\t<\/div>\n\t\t<\/div>\n\t\t\t\t\t<\/div>\n\t\t<\/section>\n\t\t\t\t<\/div>","protected":false},"excerpt":{"rendered":"<p>Privacy Policy PRIVACY POLICY SECTION 1 &#8211; WHAT DO WE DO WITH YOUR INFORMATION? When you purchase something from our website, as part of the buying and selling process, we collect the personal information you give us such as your name, address and email address.When you browse our website, we [&hellip;]<\/p>\n","protected":false},"author":16,"featured_media":0,"parent":0,"menu_order":0,"comment_status":"closed","ping_status":"closed","template":"page-templates\/template-pagebuilder-full-width.php","meta":{"_acf_changed":false,"footnotes":""},"class_list":["post-1746","page","type-page","status-publish","hentry"],"acf":[],"aioseo_notices":[],"_links":{"self":[{"href":"https:\/\/outscraper.com\/tr\/wp-json\/wp\/v2\/pages\/1746","targetHints":{"allow":["GET"]}}],"collection":[{"href":"https:\/\/outscraper.com\/tr\/wp-json\/wp\/v2\/pages"}],"about":[{"href":"https:\/\/outscraper.com\/tr\/wp-json\/wp\/v2\/types\/page"}],"author":[{"embeddable":true,"href":"https:\/\/outscraper.com\/tr\/wp-json\/wp\/v2\/users\/16"}],"replies":[{"embeddable":true,"href":"https:\/\/outscraper.com\/tr\/wp-json\/wp\/v2\/comments?post=1746"}],"version-history":[{"count":0,"href":"https:\/\/outscraper.com\/tr\/wp-json\/wp\/v2\/pages\/1746\/revisions"}],"wp:attachment":[{"href":"https:\/\/outscraper.com\/tr\/wp-json\/wp\/v2\/media?parent=1746"}],"curies":[{"name":"wp","href":"https:\/\/api.w.org\/{rel}","templated":true}]}}