{"id":1746,"date":"2020-01-19T00:03:56","date_gmt":"2020-01-18T22:03:56","guid":{"rendered":"https:\/\/outscraper.com\/?page_id=1746"},"modified":"2021-05-16T12:12:09","modified_gmt":"2021-05-16T09:12:09","slug":"politica-de-privacidad","status":"publish","type":"page","link":"https:\/\/outscraper.com\/es\/privacy-policy\/","title":{"rendered":"Pol\u00edtica de privacidad"},"content":{"rendered":"<div data-elementor-type=\"wp-page\" data-elementor-id=\"1746\" class=\"elementor elementor-1746\" data-elementor-post-type=\"page\">\n\t\t\t\t\t\t<section data-particle_enable=\"false\" data-particle-mobile-disabled=\"false\" class=\"elementor-section elementor-top-section elementor-element elementor-element-5613794a elementor-section-boxed elementor-section-height-default elementor-section-height-default\" data-id=\"5613794a\" data-element_type=\"section\" data-e-type=\"section\">\n\t\t\t\t\t\t<div class=\"elementor-container elementor-column-gap-default\">\n\t\t\t\t\t<div class=\"elementor-column elementor-col-100 elementor-top-column elementor-element elementor-element-4d6e08a7\" data-id=\"4d6e08a7\" data-element_type=\"column\" data-e-type=\"column\">\n\t\t\t<div class=\"elementor-widget-wrap elementor-element-populated\">\n\t\t\t\t\t\t<div class=\"elementor-element elementor-element-2f5ff54 elementor-widget elementor-widget-template\" data-id=\"2f5ff54\" data-element_type=\"widget\" data-e-type=\"widget\" data-widget_type=\"template.default\">\n\t\t\t\t<div class=\"elementor-widget-container\">\n\t\t\t\t\t\t\t<div class=\"elementor-template\">\n\t\t\t\t\t<div data-elementor-type=\"section\" data-elementor-id=\"5474\" class=\"elementor elementor-5474\" data-elementor-post-type=\"elementor_library\">\n\t\t\t\t\t<section data-particle_enable=\"false\" data-particle-mobile-disabled=\"false\" class=\"elementor-section elementor-top-section elementor-element elementor-element-2956817 elementor-section-boxed elementor-section-height-default elementor-section-height-default\" data-id=\"2956817\" data-element_type=\"section\" data-e-type=\"section\">\n\t\t\t\t\t\t<div class=\"elementor-container elementor-column-gap-default\">\n\t\t\t\t\t<div class=\"elementor-column elementor-col-100 elementor-top-column elementor-element elementor-element-9c4ea43\" data-id=\"9c4ea43\" data-element_type=\"column\" data-e-type=\"column\">\n\t\t\t<div class=\"elementor-widget-wrap elementor-element-populated\">\n\t\t\t\t\t\t\t<\/div>\n\t\t<\/div>\n\t\t\t\t\t<\/div>\n\t\t<\/section>\n\t\t\t\t<\/div>\n\t\t\t\t<\/div>\n\t\t\t\t\t\t<\/div>\n\t\t\t\t<\/div>\n\t\t\t\t<div class=\"elementor-element elementor-element-0673b6f elementor-widget elementor-widget-html\" data-id=\"0673b6f\" data-element_type=\"widget\" data-e-type=\"widget\" data-widget_type=\"html.default\">\n\t\t\t\t<div class=\"elementor-widget-container\">\n\t\t\t\t\t<h1 align=\"center\">Pol\u00edtica de privacidad<\/h1>\t\t\t\t<\/div>\n\t\t\t\t<\/div>\n\t\t\t\t<div class=\"elementor-element elementor-element-aa1aa84 elementor-widget elementor-widget-text-editor\" data-id=\"aa1aa84\" data-element_type=\"widget\" data-e-type=\"widget\" data-widget_type=\"text-editor.default\">\n\t\t\t\t<div class=\"elementor-widget-container\">\n\t\t\t\t\t\t\t\t\t<p>POL\u00cdTICA DE PRIVACIDAD<\/p>\n<p>SECCI\u00d3N 1 - \u00bfQU\u00c9 HACEMOS CON SU INFORMACI\u00d3N?<\/p>\n<p>Cuando usted compra algo en nuestro sitio web, como parte del proceso de compra y venta, recopilamos la informaci\u00f3n personal que nos proporciona, como su nombre, direcci\u00f3n y direcci\u00f3n de correo electr\u00f3nico.<br \/>Cuando usted navega por nuestro sitio web, tambi\u00e9n recibimos autom\u00e1ticamente la direcci\u00f3n del protocolo de Internet (IP) de su ordenador para proporcionarnos informaci\u00f3n que nos ayude a conocer su navegador y su sistema operativo.<br \/>Marketing por correo electr\u00f3nico (si procede): Con su permiso, podemos enviarle correos electr\u00f3nicos sobre nuestro sitio web, nuevos productos y otras actualizaciones.<\/p>\n<p>SECCI\u00d3N 2 - CONSENTIMIENTO<\/p>\n<p>\u00bfC\u00f3mo se obtiene mi consentimiento?<br \/>Cuando usted nos proporciona informaci\u00f3n personal para completar una transacci\u00f3n, verificar su tarjeta de cr\u00e9dito, hacer un pedido, organizar una entrega o devolver una compra, implicamos que usted da su consentimiento para que la recopilemos y la utilicemos s\u00f3lo por esa raz\u00f3n espec\u00edfica.<br \/>Si solicitamos su informaci\u00f3n personal por un motivo secundario, como el marketing, le pediremos directamente su consentimiento expreso o le daremos la oportunidad de decir que no.<\/p>\n<p>\u00bfC\u00f3mo puedo retirar mi consentimiento?<br \/>Si despu\u00e9s de haber optado por el registro, cambia de opini\u00f3n, puede retirar su consentimiento para que nos pongamos en contacto con usted, para que sigamos recopilando, utilizando o divulgando su informaci\u00f3n, en cualquier momento, poni\u00e9ndose en contacto con nosotros en o envi\u00e1ndonos un correo a: support@outscraper.com<\/p>\n<p>SECCI\u00d3N 3 - DIVULGACI\u00d3N<\/p>\n<p>Podemos revelar su informaci\u00f3n personal si la ley nos obliga a hacerlo o si usted infringe nuestras Condiciones de Servicio.<\/p>\n<p>SECCI\u00d3N 4 - SERVICIOS DE TERCEROS<\/p>\n<p>En general, los proveedores externos a los que recurrimos s\u00f3lo recopilar\u00e1n, utilizar\u00e1n y divulgar\u00e1n su informaci\u00f3n en la medida necesaria para permitirles realizar los servicios que nos prestan.<br \/>Sin embargo, algunos proveedores de servicios de terceros, como las pasarelas de pago y otros procesadores de transacciones de pago, tienen sus propias pol\u00edticas de privacidad con respecto a la informaci\u00f3n que estamos obligados a proporcionarles para sus transacciones relacionadas con la compra.<br \/>En el caso de estos proveedores, le recomendamos que lea sus pol\u00edticas de privacidad para que pueda entender la forma en que su informaci\u00f3n personal ser\u00e1 tratada por estos proveedores.<br \/>En particular, recuerde que algunos proveedores pueden estar ubicados o tener instalaciones en una jurisdicci\u00f3n diferente a la suya o a la nuestra. Por lo tanto, si decide realizar una transacci\u00f3n que implique los servicios de un proveedor de servicios externo, su informaci\u00f3n puede quedar sujeta a las leyes de la(s) jurisdicci\u00f3n(es) en la(s) que se encuentra(n) ese proveedor de servicios o sus instalaciones.<br \/>Por ejemplo, si usted se encuentra en Canad\u00e1 y su transacci\u00f3n es procesada por una pasarela de pago situada en Estados Unidos, su informaci\u00f3n personal utilizada para completar esa transacci\u00f3n puede ser objeto de divulgaci\u00f3n en virtud de la legislaci\u00f3n de Estados Unidos, incluida la Ley Patriota.<br \/>Una vez que usted abandona el sitio web de nuestro sitio o es redirigido a un sitio web o aplicaci\u00f3n de terceros, ya no se rige por esta Pol\u00edtica de Privacidad ni por las Condiciones de Servicio de nuestro sitio web.<\/p>\n<p>Enlaces<br \/>Al hacer clic en los enlaces de nuestro sitio web, es posible que le dirijan fuera de \u00e9l. No somos responsables de las pr\u00e1cticas de privacidad de otros sitios y le recomendamos que lea sus declaraciones de privacidad.<\/p>\n<p>SECCI\u00d3N 5 - SEGURIDAD<\/p>\n<p>Para proteger su informaci\u00f3n personal, tomamos precauciones razonables y seguimos las mejores pr\u00e1cticas de la industria para asegurarnos de que no se pierda, se utilice indebidamente, se acceda a ella, se divulgue, se altere o se destruya. Si nos proporciona los datos de su tarjeta de cr\u00e9dito, la informaci\u00f3n se encripta mediante la tecnolog\u00eda de capa de conexi\u00f3n segura (SSL) y se almacena con una codificaci\u00f3n AES-256. Aunque ning\u00fan m\u00e9todo de transmisi\u00f3n por Internet o de almacenamiento electr\u00f3nico es 100% seguro, seguimos todos los requisitos de la PCI-DSS y aplicamos otras normas industriales generalmente aceptadas.<\/p>\n<p>SECCI\u00d3N 6 - COOKIES<\/p>\n<p>Utilizamos cookies con fines anal\u00edticos y de sesi\u00f3n.<\/p>\n<p>SECCI\u00d3N 7 - EDAD DE CONSENTIMIENTO<\/p>\n<p>Al utilizar este sitio, usted declara que es mayor de edad en su estado de residencia, o que es mayor de edad en su estado de residencia y nos ha dado su consentimiento para permitir que cualquiera de sus dependientes menores de edad utilice este sitio.<\/p>\n<p>SECCI\u00d3N 8 - CAMBIOS EN ESTA POL\u00cdTICA DE PRIVACIDAD<\/p>\n<p>Nos reservamos el derecho a modificar esta pol\u00edtica de privacidad en cualquier momento, por lo que le rogamos que la revise con frecuencia. Los cambios y aclaraciones entrar\u00e1n en vigor inmediatamente despu\u00e9s de su publicaci\u00f3n en el sitio web. Si realizamos cambios sustanciales en esta pol\u00edtica, le notificaremos aqu\u00ed que ha sido actualizada, para que sepa qu\u00e9 informaci\u00f3n recogemos, c\u00f3mo la utilizamos y bajo qu\u00e9 circunstancias, si las hay, la utilizamos y\/o divulgamos. Si nuestro sitio web es adquirido o se fusiona con otra empresa, su informaci\u00f3n puede ser transferida a los nuevos propietarios para que podamos seguir vendi\u00e9ndole productos.<\/p>\n<p>PREGUNTAS E INFORMACI\u00d3N DE CONTACTO<\/p>\n<p>Si desea: acceder, corregir, modificar o eliminar cualquier informaci\u00f3n personal que tengamos sobre usted, registrar una queja, o simplemente desea m\u00e1s informaci\u00f3n, p\u00f3ngase en contacto con nosotros por correo electr\u00f3nico: support@outscraper.com<\/p>\t\t\t\t\t\t\t\t<\/div>\n\t\t\t\t<\/div>\n\t\t\t\t<div class=\"elementor-element elementor-element-fbdd5c2 elementor-widget elementor-widget-spacer\" data-id=\"fbdd5c2\" data-element_type=\"widget\" data-e-type=\"widget\" data-widget_type=\"spacer.default\">\n\t\t\t\t<div class=\"elementor-widget-container\">\n\t\t\t\t\t\t\t<div class=\"elementor-spacer\">\n\t\t\t<div class=\"elementor-spacer-inner\"><\/div>\n\t\t<\/div>\n\t\t\t\t\t\t<\/div>\n\t\t\t\t<\/div>\n\t\t\t\t\t<\/div>\n\t\t<\/div>\n\t\t\t\t\t<\/div>\n\t\t<\/section>\n\t\t\t\t<\/div>","protected":false},"excerpt":{"rendered":"<p>Privacy Policy PRIVACY POLICY SECTION 1 &#8211; WHAT DO WE DO WITH YOUR INFORMATION? When you purchase something from our website, as part of the buying and selling process, we collect the personal information you give us such as your name, address and email address.When you browse our website, we [&hellip;]<\/p>\n","protected":false},"author":16,"featured_media":0,"parent":0,"menu_order":0,"comment_status":"closed","ping_status":"closed","template":"page-templates\/template-pagebuilder-full-width.php","meta":{"_acf_changed":false,"footnotes":""},"class_list":["post-1746","page","type-page","status-publish","hentry"],"acf":[],"aioseo_notices":[],"_links":{"self":[{"href":"https:\/\/outscraper.com\/es\/wp-json\/wp\/v2\/pages\/1746","targetHints":{"allow":["GET"]}}],"collection":[{"href":"https:\/\/outscraper.com\/es\/wp-json\/wp\/v2\/pages"}],"about":[{"href":"https:\/\/outscraper.com\/es\/wp-json\/wp\/v2\/types\/page"}],"author":[{"embeddable":true,"href":"https:\/\/outscraper.com\/es\/wp-json\/wp\/v2\/users\/16"}],"replies":[{"embeddable":true,"href":"https:\/\/outscraper.com\/es\/wp-json\/wp\/v2\/comments?post=1746"}],"version-history":[{"count":0,"href":"https:\/\/outscraper.com\/es\/wp-json\/wp\/v2\/pages\/1746\/revisions"}],"wp:attachment":[{"href":"https:\/\/outscraper.com\/es\/wp-json\/wp\/v2\/media?parent=1746"}],"curies":[{"name":"wp","href":"https:\/\/api.w.org\/{rel}","templated":true}]}}