{"id":1746,"date":"2020-01-19T00:03:56","date_gmt":"2020-01-18T22:03:56","guid":{"rendered":"https:\/\/outscraper.com\/?page_id=1746"},"modified":"2021-05-16T12:12:09","modified_gmt":"2021-05-16T09:12:09","slug":"datenschutzbestimmungen-2","status":"publish","type":"page","link":"https:\/\/outscraper.com\/de\/privacy-policy\/","title":{"rendered":"Datenschutz-Bestimmungen"},"content":{"rendered":"<div data-elementor-type=\"wp-page\" data-elementor-id=\"1746\" class=\"elementor elementor-1746\" data-elementor-post-type=\"page\">\n\t\t\t\t\t\t<section data-particle_enable=\"false\" data-particle-mobile-disabled=\"false\" class=\"elementor-section elementor-top-section elementor-element elementor-element-5613794a elementor-section-boxed elementor-section-height-default elementor-section-height-default\" data-id=\"5613794a\" data-element_type=\"section\" data-e-type=\"section\">\n\t\t\t\t\t\t<div class=\"elementor-container elementor-column-gap-default\">\n\t\t\t\t\t<div class=\"elementor-column elementor-col-100 elementor-top-column elementor-element elementor-element-4d6e08a7\" data-id=\"4d6e08a7\" data-element_type=\"column\" data-e-type=\"column\">\n\t\t\t<div class=\"elementor-widget-wrap elementor-element-populated\">\n\t\t\t\t\t\t<div class=\"elementor-element elementor-element-2f5ff54 elementor-widget elementor-widget-template\" data-id=\"2f5ff54\" data-element_type=\"widget\" data-e-type=\"widget\" data-widget_type=\"template.default\">\n\t\t\t\t<div class=\"elementor-widget-container\">\n\t\t\t\t\t\t\t<div class=\"elementor-template\">\n\t\t\t\t\t<div data-elementor-type=\"section\" data-elementor-id=\"5474\" class=\"elementor elementor-5474\" data-elementor-post-type=\"elementor_library\">\n\t\t\t\t\t<section data-particle_enable=\"false\" data-particle-mobile-disabled=\"false\" class=\"elementor-section elementor-top-section elementor-element elementor-element-2956817 elementor-section-boxed elementor-section-height-default elementor-section-height-default\" data-id=\"2956817\" data-element_type=\"section\" data-e-type=\"section\">\n\t\t\t\t\t\t<div class=\"elementor-container elementor-column-gap-default\">\n\t\t\t\t\t<div class=\"elementor-column elementor-col-100 elementor-top-column elementor-element elementor-element-9c4ea43\" data-id=\"9c4ea43\" data-element_type=\"column\" data-e-type=\"column\">\n\t\t\t<div class=\"elementor-widget-wrap elementor-element-populated\">\n\t\t\t\t\t\t\t<\/div>\n\t\t<\/div>\n\t\t\t\t\t<\/div>\n\t\t<\/section>\n\t\t\t\t<\/div>\n\t\t\t\t<\/div>\n\t\t\t\t\t\t<\/div>\n\t\t\t\t<\/div>\n\t\t\t\t<div class=\"elementor-element elementor-element-0673b6f elementor-widget elementor-widget-html\" data-id=\"0673b6f\" data-element_type=\"widget\" data-e-type=\"widget\" data-widget_type=\"html.default\">\n\t\t\t\t<div class=\"elementor-widget-container\">\n\t\t\t\t\t<h1 align=\"center\">Datenschutz-Bestimmungen<\/h1>\t\t\t\t<\/div>\n\t\t\t\t<\/div>\n\t\t\t\t<div class=\"elementor-element elementor-element-aa1aa84 elementor-widget elementor-widget-text-editor\" data-id=\"aa1aa84\" data-element_type=\"widget\" data-e-type=\"widget\" data-widget_type=\"text-editor.default\">\n\t\t\t\t<div class=\"elementor-widget-container\">\n\t\t\t\t\t\t\t\t\t<p>DATENSCHUTZPOLITIK<\/p>\n<p>ABSCHNITT 1 - WAS MACHEN WIR MIT IHREN DATEN?<\/p>\n<p>Wenn Sie etwas auf unserer Website kaufen, erfassen wir im Rahmen des Kauf- und Verkaufsprozesses die pers\u00f6nlichen Daten, die Sie uns geben, wie Ihren Namen, Ihre Adresse und Ihre E-Mail-Adresse.<br \/>Wenn Sie auf unserer Website surfen, erhalten wir auch automatisch die Internetprotokoll-Adresse (IP-Adresse) Ihres Computers, um uns Informationen \u00fcber Ihren Browser und Ihr Betriebssystem zu liefern.<br \/>E-Mail-Marketing (falls zutreffend): Mit Ihrer Erlaubnis k\u00f6nnen wir Ihnen E-Mails \u00fcber unsere Website, neue Produkte und andere Aktualisierungen senden.<\/p>\n<p>ABSCHNITT 2 - ZUSTIMMUNG<\/p>\n<p>Wie erhalten Sie meine Zustimmung?<br \/>Wenn Sie uns personenbezogene Daten zur Verf\u00fcgung stellen, um eine Transaktion abzuschlie\u00dfen, Ihre Kreditkarte zu \u00fcberpr\u00fcfen, eine Bestellung aufzugeben, eine Lieferung zu veranlassen oder einen Kauf zur\u00fcckzusenden, gehen wir davon aus, dass Sie damit einverstanden sind, dass wir diese Daten sammeln und nur f\u00fcr diesen speziellen Zweck verwenden.<br \/>Wenn wir Sie aus einem anderen Grund, z. B. f\u00fcr Marketingzwecke, um Ihre pers\u00f6nlichen Daten bitten, werden wir Sie entweder direkt um Ihre ausdr\u00fcckliche Zustimmung bitten oder Ihnen die M\u00f6glichkeit geben, sich dagegen auszusprechen.<\/p>\n<p>Wie kann ich meine Zustimmung zur\u00fcckziehen?<br \/>Wenn Sie nach Ihrer Einwilligung Ihre Meinung \u00e4ndern, k\u00f6nnen Sie Ihre Zustimmung zur weiteren Erfassung, Verwendung oder Weitergabe Ihrer Daten jederzeit widerrufen, indem Sie uns unter support@outscraper.com kontaktieren oder eine E-Mail an uns senden.<\/p>\n<p>ABSCHNITT 3 - OFFENLEGUNG<\/p>\n<p>Wir k\u00f6nnen Ihre pers\u00f6nlichen Daten weitergeben, wenn wir gesetzlich dazu verpflichtet sind oder wenn Sie gegen unsere Nutzungsbedingungen versto\u00dfen.<\/p>\n<p>ABSCHNITT 4 - DIENSTLEISTUNGEN DRITTER<\/p>\n<p>Im Allgemeinen werden die von uns eingesetzten Drittanbieter Ihre Daten nur in dem Ma\u00dfe erfassen, verwenden und weitergeben, wie es f\u00fcr die Erbringung der von ihnen f\u00fcr uns erbrachten Dienstleistungen erforderlich ist.<br \/>Bestimmte Drittanbieter, wie z. B. Zahlungs-Gateways und andere Zahlungsverkehrsabwickler, haben jedoch ihre eigenen Datenschutzrichtlinien in Bezug auf die Informationen, die wir ihnen f\u00fcr Ihre kaufbezogenen Transaktionen zur Verf\u00fcgung stellen m\u00fcssen.<br \/>Bei diesen Anbietern empfehlen wir Ihnen, deren Datenschutzrichtlinien zu lesen, damit Sie wissen, wie Ihre pers\u00f6nlichen Daten von diesen Anbietern behandelt werden.<br \/>Denken Sie insbesondere daran, dass bestimmte Anbieter in einer anderen Rechtsordnung als Sie oder wir ans\u00e4ssig sind oder \u00fcber Einrichtungen verf\u00fcgen, die sich in einer anderen Rechtsordnung befinden. Wenn Sie sich also f\u00fcr eine Transaktion entscheiden, die die Dienste eines Drittanbieters in Anspruch nimmt, k\u00f6nnen Ihre Daten den Gesetzen der Gerichtsbarkeit(en) unterliegen, in der sich dieser Anbieter oder seine Einrichtungen befinden.<br \/>Wenn Sie beispielsweise in Kanada ans\u00e4ssig sind und Ihre Transaktion \u00fcber ein Zahlungs-Gateway in den Vereinigten Staaten abgewickelt wird, k\u00f6nnen Ihre pers\u00f6nlichen Daten, die bei der Abwicklung dieser Transaktion verwendet werden, gem\u00e4\u00df der Gesetzgebung der Vereinigten Staaten, einschlie\u00dflich des Patriot Act, offengelegt werden.<br \/>Sobald Sie die Website unserer Website verlassen oder zu einer Website oder Anwendung eines Drittanbieters weitergeleitet werden, unterliegen Sie nicht mehr dieser Datenschutzrichtlinie oder den Nutzungsbedingungen unserer Website.<\/p>\n<p>Links<br \/>Wenn Sie auf Links auf unserer Website klicken, k\u00f6nnen diese Sie von unserer Website wegf\u00fchren. Wir sind nicht verantwortlich f\u00fcr die Datenschutzpraktiken anderer Websites und empfehlen Ihnen, deren Datenschutzerkl\u00e4rungen zu lesen.<\/p>\n<p>ABSCHNITT 5 - SICHERHEIT<\/p>\n<p>Um Ihre pers\u00f6nlichen Daten zu sch\u00fctzen, treffen wir angemessene Vorkehrungen und befolgen die besten Praktiken der Branche, um sicherzustellen, dass sie nicht unangemessen verloren gehen, missbraucht, aufgerufen, offengelegt, ver\u00e4ndert oder zerst\u00f6rt werden. Wenn Sie uns Ihre Kreditkartendaten zur Verf\u00fcgung stellen, werden die Daten mit der Secure Socket Layer-Technologie (SSL) verschl\u00fcsselt und mit einer AES-256-Verschl\u00fcsselung gespeichert. Obwohl keine Methode der \u00dcbertragung \u00fcber das Internet oder der elektronischen Speicherung 100% sicher ist, befolgen wir alle PCI-DSS-Anforderungen und setzen weitere allgemein anerkannte Industriestandards um.<\/p>\n<p>ABSCHNITT 6 - COOKIES<\/p>\n<p>Wir verwenden Cookies f\u00fcr Analyse- und Sitzungszwecke.<\/p>\n<p>ABSCHNITT 7 - MINDERJ\u00c4HRIGKEIT<\/p>\n<p>Durch die Nutzung dieser Website erkl\u00e4ren Sie, dass Sie in Ihrem Wohnsitzstaat mindestens vollj\u00e4hrig sind oder dass Sie in Ihrem Wohnsitzstaat vollj\u00e4hrig sind und uns Ihr Einverst\u00e4ndnis gegeben haben, dass Ihre minderj\u00e4hrigen Angeh\u00f6rigen diese Website nutzen d\u00fcrfen.<\/p>\n<p>ABSCHNITT 8 - \u00c4NDERUNGEN AN DIESER DATENSCHUTZRICHTLINIE<\/p>\n<p>Wir behalten uns das Recht vor, diese Datenschutzrichtlinie jederzeit zu \u00e4ndern, daher sollten Sie sie regelm\u00e4\u00dfig \u00fcberpr\u00fcfen. \u00c4nderungen und Klarstellungen treten unmittelbar nach ihrer Ver\u00f6ffentlichung auf der Website in Kraft. Wenn wir wesentliche \u00c4nderungen an dieser Richtlinie vornehmen, werden wir Sie an dieser Stelle \u00fcber die Aktualisierung informieren, damit Sie wissen, welche Informationen wir sammeln, wie wir sie verwenden und unter welchen Umst\u00e4nden wir sie gegebenenfalls verwenden und\/oder weitergeben. Falls unsere Website von einem anderen Unternehmen \u00fcbernommen oder mit diesem fusioniert wird, k\u00f6nnen Ihre Daten an den neuen Eigent\u00fcmer \u00fcbertragen werden, damit wir Ihnen weiterhin Produkte verkaufen k\u00f6nnen.<\/p>\n<p>FRAGEN UND KONTAKTINFORMATIONEN<\/p>\n<p>Wenn Sie auf Ihre pers\u00f6nlichen Daten zugreifen, sie korrigieren, \u00e4ndern oder l\u00f6schen m\u00f6chten, eine Beschwerde einreichen oder einfach nur weitere Informationen w\u00fcnschen, wenden Sie sich bitte per E-Mail an uns: support@outscraper.com<\/p>\t\t\t\t\t\t\t\t<\/div>\n\t\t\t\t<\/div>\n\t\t\t\t<div class=\"elementor-element elementor-element-fbdd5c2 elementor-widget elementor-widget-spacer\" data-id=\"fbdd5c2\" data-element_type=\"widget\" data-e-type=\"widget\" data-widget_type=\"spacer.default\">\n\t\t\t\t<div class=\"elementor-widget-container\">\n\t\t\t\t\t\t\t<div class=\"elementor-spacer\">\n\t\t\t<div class=\"elementor-spacer-inner\"><\/div>\n\t\t<\/div>\n\t\t\t\t\t\t<\/div>\n\t\t\t\t<\/div>\n\t\t\t\t\t<\/div>\n\t\t<\/div>\n\t\t\t\t\t<\/div>\n\t\t<\/section>\n\t\t\t\t<\/div>","protected":false},"excerpt":{"rendered":"<p>Privacy Policy PRIVACY POLICY SECTION 1 &#8211; WHAT DO WE DO WITH YOUR INFORMATION? When you purchase something from our website, as part of the buying and selling process, we collect the personal information you give us such as your name, address and email address.When you browse our website, we [&hellip;]<\/p>\n","protected":false},"author":16,"featured_media":0,"parent":0,"menu_order":0,"comment_status":"closed","ping_status":"closed","template":"page-templates\/template-pagebuilder-full-width.php","meta":{"_acf_changed":false,"footnotes":""},"class_list":["post-1746","page","type-page","status-publish","hentry"],"acf":[],"aioseo_notices":[],"_links":{"self":[{"href":"https:\/\/outscraper.com\/de\/wp-json\/wp\/v2\/pages\/1746","targetHints":{"allow":["GET"]}}],"collection":[{"href":"https:\/\/outscraper.com\/de\/wp-json\/wp\/v2\/pages"}],"about":[{"href":"https:\/\/outscraper.com\/de\/wp-json\/wp\/v2\/types\/page"}],"author":[{"embeddable":true,"href":"https:\/\/outscraper.com\/de\/wp-json\/wp\/v2\/users\/16"}],"replies":[{"embeddable":true,"href":"https:\/\/outscraper.com\/de\/wp-json\/wp\/v2\/comments?post=1746"}],"version-history":[{"count":0,"href":"https:\/\/outscraper.com\/de\/wp-json\/wp\/v2\/pages\/1746\/revisions"}],"wp:attachment":[{"href":"https:\/\/outscraper.com\/de\/wp-json\/wp\/v2\/media?parent=1746"}],"curies":[{"name":"wp","href":"https:\/\/api.w.org\/{rel}","templated":true}]}}